{"id":206,"date":"2022-04-28T20:23:42","date_gmt":"2022-04-28T18:23:42","guid":{"rendered":"https:\/\/nouspiro.space\/?page_id=206"},"modified":"2025-09-20T14:46:18","modified_gmt":"2025-09-20T12:46:18","slug":"fits-and-xisf-image-viewer-converter-and-indexer","status":"publish","type":"page","link":"https:\/\/nouspiro.space\/?page_id=206","title":{"rendered":"Tenmon &#8211; FITS and XISF image viewer, converter and indexer"},"content":{"rendered":"\n<p><a href=\"https:\/\/gitea.nouspiro.space\/nou\/tenmon\/releases\" data-type=\"link\" data-id=\"https:\/\/gitea.nouspiro.space\/nou\/tenmon\/releases\">DOWNLOAD Windows and MacOS<\/a> Linux it is available as flatpak on flathub.<\/p>\n\n\n\n<p><a href=\"https:\/\/nouspiro.space\/?page_id=423\" data-type=\"link\" data-id=\"https:\/\/nouspiro.space\/?page_id=423\">Now also available in web browser<\/a><\/p>\n\n\n\n<p><a href=\"https:\/\/discord.gg\/77vta6Zb6c\" target=\"_blank\" rel=\"noreferrer noopener\">Discord server<\/a><\/p>\n\n\n\n<p>It is intended primarily for viewing astro photos and images. It supports the following formats:<\/p>\n\n\n\n<ul class=\"wp-block-list\">\n<li>FITS 8, 16 bit integer and 32 bit float<\/li>\n\n\n\n<li>XISF 8, 16 bit integer and 32 bit float<\/li>\n\n\n\n<li>RAW CR2, CR3, DNG, NEF<\/li>\n\n\n\n<li>JPEG, PNG, BMP, GIF, PBM, PGM, PPM and SVG images<\/li>\n<\/ul>\n\n\n\n<p>Features:<\/p>\n\n\n\n<ul class=\"wp-block-list\">\n<li>Using same stretch function as PixInsight<\/li>\n\n\n\n<li>OpenGL accelerated drawing<\/li>\n\n\n\n<li>Index and search FITS XISF header data <\/li>\n\n\n\n<li>Quick mark images and then copy\/move marked files <\/li>\n\n\n\n<li>Convert FITS &lt;-&gt; XISF <\/li>\n\n\n\n<li>Convert FITS\/XISF -&gt; JPEG\/PNG <\/li>\n\n\n\n<li>Image statistics mean, media, min, max<\/li>\n\n\n\n<li>Support for WCS<\/li>\n\n\n\n<li>Thumbnails<\/li>\n\n\n\n<li>Convert CFA images to colour &#8211; debayer<\/li>\n\n\n\n<li>Color space aware<\/li>\n\n\n\n<li>Batch processing with JavaScript<\/li>\n\n\n\n<li>Thumbnail generation for FITS\/XISF images in Windows File Explorer<\/li>\n<\/ul>\n\n\n\n<figure class=\"wp-block-image size-large\"><img loading=\"lazy\" decoding=\"async\" width=\"1024\" height=\"579\" src=\"https:\/\/nouspiro.space\/wp-content\/uploads\/2022\/04\/tenmon-1024x579.png\" alt=\"\" class=\"wp-image-202\" srcset=\"https:\/\/nouspiro.space\/wp-content\/uploads\/2022\/04\/tenmon-1024x579.png 1024w, https:\/\/nouspiro.space\/wp-content\/uploads\/2022\/04\/tenmon-300x170.png 300w, https:\/\/nouspiro.space\/wp-content\/uploads\/2022\/04\/tenmon-768x434.png 768w, https:\/\/nouspiro.space\/wp-content\/uploads\/2022\/04\/tenmon-1536x868.png 1536w, https:\/\/nouspiro.space\/wp-content\/uploads\/2022\/04\/tenmon-1200x678.png 1200w, https:\/\/nouspiro.space\/wp-content\/uploads\/2022\/04\/tenmon.png 1866w\" sizes=\"auto, (max-width: 709px) 85vw, (max-width: 909px) 67vw, (max-width: 1362px) 62vw, 840px\" \/><\/figure>\n\n\n\n<figure class=\"wp-block-image size-large\"><img loading=\"lazy\" decoding=\"async\" width=\"1024\" height=\"645\" src=\"https:\/\/nouspiro.space\/wp-content\/uploads\/2022\/12\/tenmon2-1024x645.png\" alt=\"\" class=\"wp-image-281\" srcset=\"https:\/\/nouspiro.space\/wp-content\/uploads\/2022\/12\/tenmon2-1024x645.png 1024w, https:\/\/nouspiro.space\/wp-content\/uploads\/2022\/12\/tenmon2-300x189.png 300w, https:\/\/nouspiro.space\/wp-content\/uploads\/2022\/12\/tenmon2-768x484.png 768w, https:\/\/nouspiro.space\/wp-content\/uploads\/2022\/12\/tenmon2-1536x968.png 1536w, https:\/\/nouspiro.space\/wp-content\/uploads\/2022\/12\/tenmon2-1200x756.png 1200w, https:\/\/nouspiro.space\/wp-content\/uploads\/2022\/12\/tenmon2.png 1864w\" sizes=\"auto, (max-width: 709px) 85vw, (max-width: 909px) 67vw, (max-width: 1362px) 62vw, 840px\" \/><\/figure>\n\n\n\n<p>You can download source code or pre-build binaries for Windows and MacOS <a href=\"https:\/\/gitea.nouspiro.space\/nou\/tenmon\/releases\">here<\/a><br>On Linux you can install flatpak from <a href=\"https:\/\/flathub.org\/apps\/details\/space.nouspiro.tenmon\">flathub.org<\/a> by running this command<br><code>flatpak install flathub space.nouspiro.tenmon<\/code><\/p>\n\n\n\n<p><\/p>\n","protected":false},"excerpt":{"rendered":"<p>DOWNLOAD Windows and MacOS Linux it is available as flatpak on flathub. Now also available in web browser Discord server It is intended primarily for viewing astro photos and images. It supports the following formats: Features: You can download source code or pre-build binaries for Windows and MacOS hereOn Linux you can install flatpak from &hellip; <a href=\"https:\/\/nouspiro.space\/?page_id=206\" class=\"more-link\">Pokra\u010dova\u0165 v \u010d\u00edtan\u00ed<span class=\"screen-reader-text\"> &#8222;Tenmon &#8211; FITS and XISF image viewer, converter and indexer&#8220;<\/span><\/a><\/p>\n","protected":false},"author":1,"featured_media":0,"parent":0,"menu_order":0,"comment_status":"closed","ping_status":"closed","template":"","meta":{"footnotes":""},"class_list":["post-206","page","type-page","status-publish","hentry"],"_links":{"self":[{"href":"https:\/\/nouspiro.space\/index.php?rest_route=\/wp\/v2\/pages\/206","targetHints":{"allow":["GET"]}}],"collection":[{"href":"https:\/\/nouspiro.space\/index.php?rest_route=\/wp\/v2\/pages"}],"about":[{"href":"https:\/\/nouspiro.space\/index.php?rest_route=\/wp\/v2\/types\/page"}],"author":[{"embeddable":true,"href":"https:\/\/nouspiro.space\/index.php?rest_route=\/wp\/v2\/users\/1"}],"replies":[{"embeddable":true,"href":"https:\/\/nouspiro.space\/index.php?rest_route=%2Fwp%2Fv2%2Fcomments&post=206"}],"version-history":[{"count":13,"href":"https:\/\/nouspiro.space\/index.php?rest_route=\/wp\/v2\/pages\/206\/revisions"}],"predecessor-version":[{"id":534,"href":"https:\/\/nouspiro.space\/index.php?rest_route=\/wp\/v2\/pages\/206\/revisions\/534"}],"wp:attachment":[{"href":"https:\/\/nouspiro.space\/index.php?rest_route=%2Fwp%2Fv2%2Fmedia&parent=206"}],"curies":[{"name":"wp","href":"https:\/\/api.w.org\/{rel}","templated":true}]}}