{"id":209,"date":"2022-04-28T20:32:31","date_gmt":"2022-04-28T18:32:31","guid":{"rendered":"https:\/\/nouspiro.space\/?page_id=209"},"modified":"2023-02-14T09:56:32","modified_gmt":"2023-02-14T08:56:32","slug":"build-script-for-indi-and-kstars-ekos","status":"publish","type":"page","link":"https:\/\/nouspiro.space\/?page_id=209","title":{"rendered":"Build script for INDI and KStars\/Ekos"},"content":{"rendered":"\n<p>I wrote build script that build INDI drivers and KStars\/Ekos from source. There are two version of this script stable that build last stable version and then latest which build bleeding edge version from GIT.<\/p>\n\n\n\n<p>To use it clone repository with scripts<br><code>git clone https:\/\/gitea.nouspiro.space\/nou\/astro-soft-build.git<\/code><br>Enter into cloned directory<br><code>cd astro-soft-build<\/code><br>When doing this first time install all build dependencies<br><code>.\/install-dependencies.sh<\/code><br>Then run one of script<br><code>.\/build-soft-stable.sh<\/code> or <code>.\/build-soft-latest.sh<\/code><\/p>\n\n\n\n<p>To get updated version of scripts to get newer stable version run <code>git pull origin<\/code> and then run <code>.\/build-soft-stable.sh<\/code> again.<br><\/p>\n","protected":false},"excerpt":{"rendered":"<p>I wrote build script that build INDI drivers and KStars\/Ekos from source. There are two version of this script stable that build last stable version and then latest which build bleeding edge version from GIT. To use it clone repository with scriptsgit clone https:\/\/gitea.nouspiro.space\/nou\/astro-soft-build.gitEnter into cloned directorycd astro-soft-buildWhen doing this first time install all build &hellip; <a href=\"https:\/\/nouspiro.space\/?page_id=209\" class=\"more-link\">Pokra\u010dova\u0165 v \u010d\u00edtan\u00ed<span class=\"screen-reader-text\"> &#8222;Build script for INDI and KStars\/Ekos&#8220;<\/span><\/a><\/p>\n","protected":false},"author":1,"featured_media":0,"parent":0,"menu_order":0,"comment_status":"closed","ping_status":"closed","template":"","meta":{"footnotes":""},"class_list":["post-209","page","type-page","status-publish","hentry"],"_links":{"self":[{"href":"https:\/\/nouspiro.space\/index.php?rest_route=\/wp\/v2\/pages\/209","targetHints":{"allow":["GET"]}}],"collection":[{"href":"https:\/\/nouspiro.space\/index.php?rest_route=\/wp\/v2\/pages"}],"about":[{"href":"https:\/\/nouspiro.space\/index.php?rest_route=\/wp\/v2\/types\/page"}],"author":[{"embeddable":true,"href":"https:\/\/nouspiro.space\/index.php?rest_route=\/wp\/v2\/users\/1"}],"replies":[{"embeddable":true,"href":"https:\/\/nouspiro.space\/index.php?rest_route=%2Fwp%2Fv2%2Fcomments&post=209"}],"version-history":[{"count":3,"href":"https:\/\/nouspiro.space\/index.php?rest_route=\/wp\/v2\/pages\/209\/revisions"}],"predecessor-version":[{"id":313,"href":"https:\/\/nouspiro.space\/index.php?rest_route=\/wp\/v2\/pages\/209\/revisions\/313"}],"wp:attachment":[{"href":"https:\/\/nouspiro.space\/index.php?rest_route=%2Fwp%2Fv2%2Fmedia&parent=209"}],"curies":[{"name":"wp","href":"https:\/\/api.w.org\/{rel}","templated":true}]}}