{"id":306,"date":"2023-02-07T15:43:19","date_gmt":"2023-02-07T14:43:19","guid":{"rendered":"https:\/\/nouspiro.space\/?page_id=306"},"modified":"2023-03-23T21:40:29","modified_gmt":"2023-03-23T20:40:29","slug":"libxisf","status":"publish","type":"page","link":"https:\/\/nouspiro.space\/?page_id=306","title":{"rendered":"LibXISF"},"content":{"rendered":"\n<p>LibXISF is C++ library to load and save images in XISF format that is native format PixInsight astronomical image processing program. It implements <a rel=\"noreferrer noopener\" href=\"http:\/\/pixinsight.com\/doc\/docs\/XISF-1.0-spec\/XISF-1.0-spec.html\" data-type=\"URL\" data-id=\"http:\/\/pixinsight.com\/doc\/docs\/XISF-1.0-spec\/XISF-1.0-spec.html\" target=\"_blank\">XISF 1.0 specifications<\/a>.<\/p>\n\n\n\n<p>It is released under GPL3+ license. To download source code visit <a href=\"https:\/\/gitea.nouspiro.space\/nou\/libXISF\">https:\/\/gitea.nouspiro.space\/nou\/libXISF<\/a>. <\/p>\n\n\n\n<p>To compile you will need C++17 compiler and cmake. After cloning git repository run cmake commands to compile library.<br><code>cmake -B build -S . -DCMAKE_BUILD_TYPE=Release<br>cmake --build build --parallel<\/code><\/p>\n","protected":false},"excerpt":{"rendered":"<p>LibXISF is C++ library to load and save images in XISF format that is native format PixInsight astronomical image processing program. It implements XISF 1.0 specifications. It is released under GPL3+ license. To download source code visit https:\/\/gitea.nouspiro.space\/nou\/libXISF. To compile you will need C++17 compiler and cmake. After cloning git repository run cmake commands to &hellip; <a href=\"https:\/\/nouspiro.space\/?page_id=306\" class=\"more-link\">Pokra\u010dova\u0165 v \u010d\u00edtan\u00ed<span class=\"screen-reader-text\"> &#8222;LibXISF&#8220;<\/span><\/a><\/p>\n","protected":false},"author":1,"featured_media":0,"parent":0,"menu_order":0,"comment_status":"closed","ping_status":"closed","template":"","meta":{"footnotes":""},"class_list":["post-306","page","type-page","status-publish","hentry"],"_links":{"self":[{"href":"https:\/\/nouspiro.space\/index.php?rest_route=\/wp\/v2\/pages\/306","targetHints":{"allow":["GET"]}}],"collection":[{"href":"https:\/\/nouspiro.space\/index.php?rest_route=\/wp\/v2\/pages"}],"about":[{"href":"https:\/\/nouspiro.space\/index.php?rest_route=\/wp\/v2\/types\/page"}],"author":[{"embeddable":true,"href":"https:\/\/nouspiro.space\/index.php?rest_route=\/wp\/v2\/users\/1"}],"replies":[{"embeddable":true,"href":"https:\/\/nouspiro.space\/index.php?rest_route=%2Fwp%2Fv2%2Fcomments&post=306"}],"version-history":[{"count":4,"href":"https:\/\/nouspiro.space\/index.php?rest_route=\/wp\/v2\/pages\/306\/revisions"}],"predecessor-version":[{"id":335,"href":"https:\/\/nouspiro.space\/index.php?rest_route=\/wp\/v2\/pages\/306\/revisions\/335"}],"wp:attachment":[{"href":"https:\/\/nouspiro.space\/index.php?rest_route=%2Fwp%2Fv2%2Fmedia&parent=306"}],"curies":[{"name":"wp","href":"https:\/\/api.w.org\/{rel}","templated":true}]}}